{"id":954,"date":"2025-04-01T20:29:03","date_gmt":"2025-04-01T18:29:03","guid":{"rendered":"https:\/\/www.mystisch.net\/blog\/?page_id=954"},"modified":"2025-10-27T07:38:13","modified_gmt":"2025-10-27T06:38:13","slug":"inhaltsverzeichnis","status":"publish","type":"page","link":"https:\/\/www.mystisch.net\/blog\/inhaltsverzeichnis\/","title":{"rendered":"Inhaltsverzeichnis"},"content":{"rendered":"<figure id=\"attachment_1106\" aria-describedby=\"caption-attachment-1106\" style=\"width: 300px\" class=\"wp-caption alignleft\"><a href=\"https:\/\/www.mystisch.net\/blog\/wp-content\/uploads\/2025\/09\/a-book-632430_1920.jpg\"><img loading=\"lazy\" decoding=\"async\" class=\"size-medium wp-image-1106\" src=\"https:\/\/www.mystisch.net\/blog\/wp-content\/uploads\/2025\/09\/a-book-632430_1920-300x195.jpg\" alt=\"Inhaltsverzeichnis\" width=\"300\" height=\"195\" srcset=\"https:\/\/www.mystisch.net\/blog\/wp-content\/uploads\/2025\/09\/a-book-632430_1920-300x195.jpg 300w, https:\/\/www.mystisch.net\/blog\/wp-content\/uploads\/2025\/09\/a-book-632430_1920-1024x666.jpg 1024w, https:\/\/www.mystisch.net\/blog\/wp-content\/uploads\/2025\/09\/a-book-632430_1920-768x500.jpg 768w, https:\/\/www.mystisch.net\/blog\/wp-content\/uploads\/2025\/09\/a-book-632430_1920-1536x999.jpg 1536w, https:\/\/www.mystisch.net\/blog\/wp-content\/uploads\/2025\/09\/a-book-632430_1920-1200x781.jpg 1200w, https:\/\/www.mystisch.net\/blog\/wp-content\/uploads\/2025\/09\/a-book-632430_1920.jpg 1920w\" sizes=\"auto, (max-width: 300px) 100vw, 300px\" \/><\/a><figcaption id=\"caption-attachment-1106\" class=\"wp-caption-text\">Der Inhalt ist alles<\/figcaption><\/figure>\n<ul><li><a href=\"https:\/\/www.mystisch.net\/blog\/jungfernturm\/\">Hinrichtungslegende Jungfernturm in M\u00fcnchen<\/a><\/li><li><a href=\"https:\/\/www.mystisch.net\/blog\/zombies-jerusalem\/\">Nach Jesu Auferstehung: Tote steigen aus Gr\u00e4bern und laufen durch Jerusalem<\/a><\/li><li><a href=\"https:\/\/www.mystisch.net\/blog\/krankenschwester-aus-licht\/\">Die Krankenschwester ganz aus Licht<\/a><\/li><li><a href=\"https:\/\/www.mystisch.net\/blog\/nte-hoelle\/\">H\u00f6lle, H\u00f6lle \u2013 meine eigene Nahtoderfahrung<\/a><\/li><li><a href=\"https:\/\/www.mystisch.net\/blog\/lebendig-begraben-argentinien\/\">Lebendig begraben auf dem Friedhof La Recoleta, Buenos Aires<\/a><\/li><li><a href=\"https:\/\/www.mystisch.net\/blog\/farafra-wueste\/\">\u00c4gypten: Die Wei\u00dfe W\u00fcste<\/a><\/li><li><a href=\"https:\/\/www.mystisch.net\/blog\/blaue-banane\/\">Die blaue Banane \u2013 Gibt es sie wirklich?<\/a><\/li><li><a href=\"https:\/\/www.mystisch.net\/blog\/omenainen\/\">Omenainen \u2013 Finnlands gruselige Insel der Toten<\/a><\/li><li><a href=\"https:\/\/www.mystisch.net\/blog\/puppeninsel-mexiko\/\">Die Puppeninsel (Isla de las Mu\u00f1ecas)<\/a><\/li><li><a href=\"https:\/\/www.mystisch.net\/blog\/polybius\/\">Polybius \u2013 das Arcade-Spiel, das es vermutlich nie gegeben hat<\/a><\/li><li><a href=\"https:\/\/www.mystisch.net\/blog\/tristan-da-cunha\/\">Tristan da Cunha: die abgelegenste bewohnte Insel der Welt<\/a><\/li><li><a href=\"https:\/\/www.mystisch.net\/blog\/grabstein-des-kleinen-matthew\/\">Der Grabstein des kleinen Matthew, der den Rollstuhl sinnbildlich \u00fcberwindet<\/a><\/li><li><a href=\"https:\/\/www.mystisch.net\/blog\/glueck-pech-dreimal-hintereinander\/\">Gl\u00fcck und Pech kommen immer dreimal hintereinander<\/a><\/li><li><a href=\"https:\/\/www.mystisch.net\/blog\/aussichtsturm-ebersberg\/\">Der Aussichtsturm am Ebersberger Forst<\/a><\/li><li><a href=\"https:\/\/www.mystisch.net\/blog\/vogel-wunder\/\">Das angebliche Vogel-Wunder des f\u00fcnfj\u00e4hrigen Jesus Christus<\/a><\/li><li><a href=\"https:\/\/www.mystisch.net\/blog\/ramsee\/\">Ramsee (Andechs): Das verschwundene Dorf<\/a><\/li><li><a href=\"https:\/\/www.mystisch.net\/blog\/il-miracolo\/\">Il Miracolo \u2013 Die angebliche Wunderheilung eines Amputierten<\/a><\/li><li><a href=\"https:\/\/www.mystisch.net\/blog\/beteuern-ist-gut-beweisen-ist-besser\/\">Beteuern ist gut, beweisen ist besser<\/a><\/li><li><a href=\"https:\/\/www.mystisch.net\/blog\/kreuzweg-berg-am-laim-restauriert\/\">Kreuzweg in Berg am Laim restauriert<\/a><\/li><li><a href=\"https:\/\/www.mystisch.net\/blog\/die-schoensten-haeuser\/\">Die sch\u00f6nsten H\u00e4user in M\u00fcnchen und im Umland<\/a><\/li><li><a href=\"https:\/\/www.mystisch.net\/blog\/wenn-der-koerper-niemals-geht-zwei-tote-im-glasschrein\/\">Wenn der K\u00f6rper niemals geht \u2013 zwei Tote im Glasschrein<\/a><\/li><li><a href=\"https:\/\/www.mystisch.net\/blog\/eine-tuere-ins-jenseits\/\">Eine T\u00fcre ins Jenseits<\/a><\/li><li><a href=\"https:\/\/www.mystisch.net\/blog\/wie-sieht-eigentlich-gott-aus\/\">Wie sieht eigentlich Gott aus?<\/a><\/li><li><a href=\"https:\/\/www.mystisch.net\/blog\/das-maedchen-im-glaskasten\/\">Das M\u00e4dchen im Glaskasten<\/a><\/li><li><a href=\"https:\/\/www.mystisch.net\/blog\/der-fussabdruck-des-teufels-in-der-muenchner-frauenkirche\/\">Der Fu\u00dfabdruck des Teufels in der M\u00fcnchner Frauenkirche<\/a><\/li><li><a href=\"https:\/\/www.mystisch.net\/blog\/waldperlach\/\">Erz\u00e4hl doch keine M\u00e4rchen! (Waldperlach)<\/a><\/li><li><a href=\"https:\/\/www.mystisch.net\/blog\/rueckblick-wendelstein-1922-letzter-vulkanausbruch\/\">R\u00fcckblick \u2013 Wendelstein: 1922 letzter Vulkanausbruch<\/a><\/li><li><a href=\"https:\/\/www.mystisch.net\/blog\/hexen-folter\/\">Ein totes M\u00e4dchen, eine Hexe und die Folter&shy;methode &#8222;Wasserprobe&#8220;<\/a><\/li><li><a href=\"https:\/\/www.mystisch.net\/blog\/die-terroranschlaege-vom-11-september-auch-in-muenchen-911-zwillingstuerme\/\">Die Anschl\u00e4ge vom 11. September: Makabrer Zufall in M\u00fcnchen (Numerologie)<\/a><\/li><li><a href=\"https:\/\/www.mystisch.net\/blog\/mini-stonehenge-in-muenchen-waldperlach\/\">Mini-Stonehenge in M\u00fcnchen Waldperlach<\/a><\/li><li><a href=\"https:\/\/www.mystisch.net\/blog\/petition-erhalt-der-parapsychologischen-beratungsstelle-in-freiburg\/\">Petition: Erhalt der Parapsychologischen Beratungsstelle in Freiburg<\/a><\/li><li><a href=\"https:\/\/www.mystisch.net\/blog\/seiryu-miharashi-station-ein-bahnhof-der-ausschliesslich-mit-dem-zug-erreichbar-ist\/\">Seiryu Miharashi Station: Ein Bahnhof, der ausschlie\u00dflich mit dem Zug erreichbar ist<\/a><\/li><li><a href=\"https:\/\/www.mystisch.net\/blog\/ein-gespenst-kommt-selten-alleine\/\">Ein Gespenst kommt selten alleine<\/a><\/li><li><a href=\"https:\/\/www.mystisch.net\/blog\/mein-feind-der-baum-die-dunkle-seite-der-baeume\/\">Mein Feind, der Baum! Die dunkle Seite der B\u00e4ume<\/a><\/li><li><a href=\"https:\/\/www.mystisch.net\/blog\/grab-mit-zugang\/\">Grab mit Zugang erlaubte Mutter, tote Tochter bei Gewittern zu tr\u00f6sten<\/a><\/li><li><a href=\"https:\/\/www.mystisch.net\/blog\/die-hand-die-nach-dem-tode-weitermalt\/\">Die Hand, die nach dem Tode weitermalt<\/a><\/li><li><a href=\"https:\/\/www.mystisch.net\/blog\/lichtstrahl-an-der-schiffleutkapelle-maria-rast\/\">Lichtstrahl an der Schiffleutkapelle Maria-Rast<\/a><\/li><li><a href=\"https:\/\/www.mystisch.net\/blog\/reinkarnation\/\">Reinkarnation einer Website<\/a><\/li><li><a href=\"https:\/\/www.mystisch.net\/blog\/das-jott-phaenomen\/\">Das JOTT-Ph\u00e4nomen<\/a><\/li><li><a href=\"https:\/\/www.mystisch.net\/blog\/weilheimer-pestkapelle\/\">Hier scheiden sich die Geister \u2013 Die Weilheimer Pestkapelle<\/a><\/li><li><a href=\"https:\/\/www.mystisch.net\/blog\/mariengrotte-in-einem-baum-der-zum-kirchturm-wurde-kreuzstrasse-kleinkarolinenfeld\/\">Mariengrotte in einem Baum, der zum Kirchturm wurde (N\u00e4he Kreuzstra\u00dfe)<\/a><\/li><li><a href=\"https:\/\/www.mystisch.net\/blog\/sehr-alter-baum-mit-feldkreuz-in-aying\/\">Sehr alter Baum mit Feldkreuz in Aying<\/a><\/li><li><a href=\"https:\/\/www.mystisch.net\/blog\/joller-haus-der-vielleicht-am-besten-dokumentierte-spukfall-der-geschichte\/\">Joller-Haus: Der vielleicht am besten dokumentierte Spukfall der Geschichte<\/a><\/li><li><a href=\"https:\/\/www.mystisch.net\/blog\/corona-jesus-christus\/\">Corona-Jesus<\/a><\/li><li><a href=\"https:\/\/www.mystisch.net\/blog\/gruess-gott-servus-habe-die-ehre-was-ist-mystisch-net\/\">Gr\u00fc\u00df Gott, Servus, habe die Ehre! Was ist mystisch.net?<\/a><\/li><li><a href=\"https:\/\/www.mystisch.net\/blog\/kreuzweg-berg-am-laim\/\">Einer der letzten beiden Kreuzwege M\u00fcnchens: verfallen, nicht zug\u00e4nglich \u2013 nun restauriert<\/a><\/li><li><a href=\"https:\/\/www.mystisch.net\/blog\/mord-ohne-leichen\/\">M\u00fcnchen: Mord und Totschlag ohne Leichen<\/a><\/li><li><a href=\"https:\/\/www.mystisch.net\/blog\/bahnhof-moosach-bei-grafing\/\">Der alte Bahnhof Moosach bei Grafing \u2013 Eine fast vergessene Bahnstrecke<\/a><\/li><li><a href=\"https:\/\/www.mystisch.net\/blog\/turnerschule\/\">Die Turnerschule \u2013 die ehemals sch\u00f6nste Schule M\u00fcnchens<\/a><\/li><li><a href=\"https:\/\/www.mystisch.net\/blog\/doppelgrotte-in-aying\/\">Doppelgrotte in Aying<\/a><\/li><li><a href=\"https:\/\/www.mystisch.net\/blog\/mariengrotte-in-schaeftlarn\/\">Mariengrotte in Sch\u00e4ftlarn<\/a><\/li><li><a href=\"https:\/\/www.mystisch.net\/blog\/um-ein-haar-uebersehen-noch-ein-waldfriedhof\/\">Um ein Haar \u00fcbersehen \u2013 Noch ein Waldfriedhof<\/a><\/li><li><a href=\"https:\/\/www.mystisch.net\/blog\/der-unbekannte-waldfriedhof-putzbrunn\/\">Der unbekannte Waldfriedhof (Putzbrunn)<\/a><\/li><li><a href=\"https:\/\/www.mystisch.net\/blog\/frauenbruendl\/\">Kapelle mit Heilquelle: Das Marienheiligtum Frauenbr\u00fcndl<\/a><\/li><li><a href=\"https:\/\/www.mystisch.net\/blog\/die-koenigseiche-bei-moosach-grafing\/\">Die K\u00f6nigseiche bei Moosach (Grafing)<\/a><\/li><li><a href=\"https:\/\/www.mystisch.net\/blog\/kirche-mit-angeschraegtem-turm\/\">Die Kirche mit dem \u201eangeschr\u00e4gten\u201c Hochhaus-Turm<\/a><\/li><li><a href=\"https:\/\/www.mystisch.net\/blog\/die-quelle-der-salmakis\/\">Die Quelle der Salmakis<\/a><\/li><li><a href=\"https:\/\/www.mystisch.net\/blog\/hubertus-kapelle\/\">Der Ebersberger Forst, die Kapelle und die Wei\u00dfe Frau<\/a><\/li><li><a href=\"https:\/\/www.mystisch.net\/blog\/waldkindergarten\/\">Den Waldkindergarten vor lauter B\u00e4umen nicht sehen<\/a><\/li><li><a href=\"https:\/\/www.mystisch.net\/blog\/geisterteilchen-im-bild-was-es-mit-den-orbs-auf-sich-hat\/\">Geisterteilchen im Bild \u2013 was es mit den &#8222;Orbs&#8220; auf sich hat<\/a><\/li><li><a href=\"https:\/\/www.mystisch.net\/blog\/radio-moskau-antwortet-auf-deutsch\/\">Radio Moskau antwortet auf Deutsch<\/a><\/li><li><a href=\"https:\/\/www.mystisch.net\/blog\/mariengrotte-truderinger-wald\/\">Mini-Lourdes im Truderinger Wald<\/a><\/li><li><a href=\"https:\/\/www.mystisch.net\/blog\/alter-schwede\/\">Alter Schwede (General Horn)<\/a><\/li><\/ul>\n","protected":false},"excerpt":{"rendered":"","protected":false},"author":1,"featured_media":0,"parent":0,"menu_order":0,"comment_status":"open","ping_status":"open","template":"","meta":{"footnotes":""},"class_list":["post-954","page","type-page","status-publish","hentry"],"_links":{"self":[{"href":"https:\/\/www.mystisch.net\/blog\/wp-json\/wp\/v2\/pages\/954","targetHints":{"allow":["GET"]}}],"collection":[{"href":"https:\/\/www.mystisch.net\/blog\/wp-json\/wp\/v2\/pages"}],"about":[{"href":"https:\/\/www.mystisch.net\/blog\/wp-json\/wp\/v2\/types\/page"}],"author":[{"embeddable":true,"href":"https:\/\/www.mystisch.net\/blog\/wp-json\/wp\/v2\/users\/1"}],"replies":[{"embeddable":true,"href":"https:\/\/www.mystisch.net\/blog\/wp-json\/wp\/v2\/comments?post=954"}],"version-history":[{"count":0,"href":"https:\/\/www.mystisch.net\/blog\/wp-json\/wp\/v2\/pages\/954\/revisions"}],"wp:attachment":[{"href":"https:\/\/www.mystisch.net\/blog\/wp-json\/wp\/v2\/media?parent=954"}],"curies":[{"name":"wp","href":"https:\/\/api.w.org\/{rel}","templated":true}]}}